{"id":76,"date":"2020-08-29T06:29:52","date_gmt":"2020-08-29T06:29:52","guid":{"rendered":"https:\/\/www.enricpijuan.com\/?page_id=76"},"modified":"2024-07-14T06:34:46","modified_gmt":"2024-07-14T06:34:46","slug":"sobremi","status":"publish","type":"page","link":"https:\/\/www.enricpijuan.com\/index.php\/sobremi\/","title":{"rendered":"CON\u00d3CEME"},"content":{"rendered":"\n<p class=\"has-text-align-center\">Si has llegado hasta aqu\u00ed es porque te interesa lo que te he contado hasta ahora, pero quieres saber m\u00e1s sobre m\u00ed, ya que la confianza es la clave para que avancemos juntos.<\/p>\n\n\n\n<p class=\"has-text-align-center\">\u00a1Aqu\u00ed va mi historia!<\/p>\n\n\n\n<h2 class=\"wp-block-heading has-text-align-center\">LOS INICIOS<\/h2>\n\n\n\n<div class=\"wp-block-group is-layout-flow wp-block-group-is-layout-flow\">\n<p>La historia de c\u00f3mo he llegado a ser quien soy empieza de peque\u00f1o, me encantaban los programas cient\u00edficos y los documentales de grandes inventos y estructuras.<\/p>\n\n\n\n<p>Siempre me ha apasionado todo el mundo de la ingenier\u00eda y de ver como somos capaces de crear cosas incre\u00edbles. <\/p>\n<\/div>\n\n\n\n<p>Me encantaba cuando hac\u00edamos inventos con mi padre, lo que me permiti\u00f3 aprender muchas habilidades y a pensar en como solucionar problemas con peque\u00f1os inventos.<\/p>\n\n\n\n<p>Gracias a que en la ESO tuve un profesor de Tecnolog\u00eda al que no le gustaba ense\u00f1ar simplemente los conocimientos de los libros educativos, puede empezar en el mundo de la automatizaci\u00f3n, lo que me permiti\u00f3 hacer un peque\u00f1o proyecto de casa dom\u00f3tica y ahorro energ\u00e9tico, en un momento en que pr\u00e1cticamente nadie hablaba de automatizaci\u00f3n y eficiencia en las casas.<\/p>\n\n\n\n<p>Desde muy peque\u00f1o me ha encantado la naturaleza y los animales, por lo que ya desde muy joven era un defensor del medio ambiente y pensaba en como poder proteger este mundo tan incre\u00edble en el que vivimos de la contaminaci\u00f3n.<\/p>\n\n\n\n<p>As\u00ed, que al llegar al momento de elegir mi camino profesional tuve claro que quer\u00eda ser ingeniero y que quer\u00eda saber m\u00e1s sobre el mundo de la automatizaci\u00f3n, la eficiencia, y las energ\u00edas renovables para poder aportar mi granito de arena para tener un mundo mejor.<\/p>\n\n\n\n<p>Durante mi proceso de formaci\u00f3n estuve trabajando en todo tipo de oficios: desde conductor de maquinaria agr\u00edcola en la empresa que hab\u00eda en mi pueblo, de mantenedor de las instalaciones de mi pueblo a ayudante de frigorista.<\/p>\n\n\n\n<p>Una vez finalizado mi formaci\u00f3n empece a trabajar en una ingenier\u00eda en la que realizaba proyectos de instalaciones fotovoltaicas. Pensaba que seria mi trabajo perfecto y definitivo pero pronto me di cuenta que ese trabajo no estaba hecho para mi, no era como me lo imaginaba, el hecho de tener que pasarme horas leyendo leyes y haciendo papeleos no me entusiasmaba por lo que acabe finalizando mis labores en esa empresa.<\/p>\n\n\n\n<p>Despu\u00e9s de un tiempo buscando me contactaron de una empresa, <a href=\"https:\/\/www.sumiaraiz.com\/\">Araiz Suminstros Electricos<\/a>, la que hasta hoy en d\u00eda estoy trabajando. Ellos me dieron la oportunidad de empezar su negocio en la zona de Tarragona. Inicialmente me toco hacer de todo ya que empezamos solo con 2 personas, hacia de almacenero, gestor (ofertas, gesti\u00f3n de algunas compras, gesti\u00f3n de pedidos y log\u00edstica), comercial y asesor t\u00e9cnico, podr\u00edamos decir que hacia de hombre orquestra.<\/p>\n\n\n\n<p>Pasados unos a\u00f1os divertidos pero a la vez muy duros la delegaci\u00f3n se fue ampliando y tuve la oportunidad de centrarme \u00fanicamente en la parte de automatizaci\u00f3n y neum\u00e1tica. <\/p>\n\n\n\n<p>A partir de ese cambi\u00f3 mi crecimiento profesional fue exponencial, gracias a la ayuda de mis nuevos compa\u00f1eros y a las formaciones hechas en OMRON y SMC (marcas a las cuales represente en Araiz).<\/p>\n\n\n\n<p>Gracias a todo este aprendizaje tuve la oportunidad de dar el salto y empezar a trabajar en el departamento de ingenier\u00eda de <a href=\"https:\/\/binder-es.com\/b-systems\/\">BINDER<\/a> donde no solo pod\u00eda aportar valor asesorando en una parte de las m\u00e1quinas como hab\u00eda estado haciendo, sino que a partir de entonces pude ayudar a buscar la mejor manera de que los clientes pudieran mejorar sus procesos productivos. Esto me permiti\u00f3 poder de formar parte de todo el proceso de definici\u00f3n, dise\u00f1o, fabricaci\u00f3n e implantaci\u00f3n de nuevas m\u00e1quinas, un proceso realmente muy gratificante y m\u00e1s cuando puedes ver como las empresas mejoran su productividad y las condiciones de trabajo de sus trabajadores.<\/p>\n\n\n\n<h2 class=\"wp-block-heading has-text-align-center\">Aqu\u00ed y ahora<\/h2>\n\n\n\n<p>He tenido la ocasi\u00f3n de visitar una gran variedad de industrias y estudiar una gran cantidad de aplicaciones, lo que me ha permitido obtener una gran experiencia, a\u00fan as\u00ed, este es un mundo de continua evoluci\u00f3n y nunca se sabe suficiente por lo que esto es una carrera de fondo para incrementar tus conocimientos y crecer como profesional.<\/p>\n\n\n\n<p>Un camino lleno de posibilidades para conseguir que las empresas sean m\u00e1s competitivas e eficientes.<\/p>\n\n\n\n<p>Viendo todo el recorrido que tienen las empresas para mejorar, no paraba de pensar en \u00bfc\u00f3mo pod\u00eda aportar mi granito de arena para hacer que las empresas fueran m\u00e1s competitivas?<\/p>\n\n\n\n<p>En ese momento tuve claro que mi misi\u00f3n ser\u00eda hacer que las empresas, desde las m\u00e1s peque\u00f1as a las m\u00e1s grandes, sean m\u00e1s competitivas haciendo que automaticen y optimicen sus recursos y energ\u00edas.<\/p>\n\n\n\n<p>Esto se materializa en formaci\u00f3n, consultor\u00eda y mentor\u00eda sobre automatizaci\u00f3n y eficiencia energ\u00e9tica.<\/p>\n","protected":false},"excerpt":{"rendered":"<p>Si has llegado hasta aqu\u00ed es porque te interesa lo que te he contado hasta ahora, pero quieres saber m\u00e1s sobre m\u00ed, ya que la confianza es la clave para que avancemos juntos. \u00a1Aqu\u00ed va mi historia! LOS INICIOS La historia de c\u00f3mo he llegado a ser quien soy empieza de peque\u00f1o, me encantaban los [&hellip;]<\/p>\n","protected":false},"author":1,"featured_media":0,"parent":0,"menu_order":0,"comment_status":"closed","ping_status":"closed","template":"","meta":{"_monsterinsights_skip_tracking":false,"_monsterinsights_sitenote_active":false,"_monsterinsights_sitenote_note":"","_monsterinsights_sitenote_category":0,"footnotes":""},"class_list":["post-76","page","type-page","status-publish","hentry"],"yoast_head":"<!-- This site is optimized with the Yoast SEO plugin v27.4 - https:\/\/yoast.com\/product\/yoast-seo-wordpress\/ -->\n<title>CON\u00d3CEME &#060; ENRIC PIJUAN<\/title>\n<meta name=\"robots\" content=\"noindex, follow, max-snippet:-1, max-image-preview:large, max-video-preview:-1\" \/>\n<meta property=\"og:locale\" content=\"es_ES\" \/>\n<meta property=\"og:type\" content=\"article\" \/>\n<meta property=\"og:title\" content=\"CON\u00d3CEME &#060; ENRIC PIJUAN\" \/>\n<meta property=\"og:description\" content=\"Si has llegado hasta aqu\u00ed es porque te interesa lo que te he contado hasta ahora, pero quieres saber m\u00e1s sobre m\u00ed, ya que la confianza es la clave para que avancemos juntos. \u00a1Aqu\u00ed va mi historia! LOS INICIOS La historia de c\u00f3mo he llegado a ser quien soy empieza de peque\u00f1o, me encantaban los [&hellip;]\" \/>\n<meta property=\"og:url\" content=\"https:\/\/www.enricpijuan.com\/index.php\/sobremi\/\" \/>\n<meta property=\"og:site_name\" content=\"ENRIC PIJUAN\" \/>\n<meta property=\"article:modified_time\" content=\"2024-07-14T06:34:46+00:00\" \/>\n<meta name=\"twitter:card\" content=\"summary_large_image\" \/>\n<meta name=\"twitter:label1\" content=\"Tiempo de lectura\" \/>\n\t<meta name=\"twitter:data1\" content=\"4 minutos\" \/>\n<script type=\"application\/ld+json\" class=\"yoast-schema-graph\">{\"@context\":\"https:\\\/\\\/schema.org\",\"@graph\":[{\"@type\":\"WebPage\",\"@id\":\"https:\\\/\\\/www.enricpijuan.com\\\/index.php\\\/sobremi\\\/\",\"url\":\"https:\\\/\\\/www.enricpijuan.com\\\/index.php\\\/sobremi\\\/\",\"name\":\"CON\u00d3CEME &#060; ENRIC PIJUAN\",\"isPartOf\":{\"@id\":\"https:\\\/\\\/www.enricpijuan.com\\\/#website\"},\"datePublished\":\"2020-08-29T06:29:52+00:00\",\"dateModified\":\"2024-07-14T06:34:46+00:00\",\"breadcrumb\":{\"@id\":\"https:\\\/\\\/www.enricpijuan.com\\\/index.php\\\/sobremi\\\/#breadcrumb\"},\"inLanguage\":\"es\",\"potentialAction\":[{\"@type\":\"ReadAction\",\"target\":[\"https:\\\/\\\/www.enricpijuan.com\\\/index.php\\\/sobremi\\\/\"]}]},{\"@type\":\"BreadcrumbList\",\"@id\":\"https:\\\/\\\/www.enricpijuan.com\\\/index.php\\\/sobremi\\\/#breadcrumb\",\"itemListElement\":[{\"@type\":\"ListItem\",\"position\":1,\"name\":\"Portada\",\"item\":\"https:\\\/\\\/www.enricpijuan.com\\\/\"},{\"@type\":\"ListItem\",\"position\":2,\"name\":\"CON\u00d3CEME\"}]},{\"@type\":\"WebSite\",\"@id\":\"https:\\\/\\\/www.enricpijuan.com\\\/#website\",\"url\":\"https:\\\/\\\/www.enricpijuan.com\\\/\",\"name\":\"ENRIC PIJUAN\",\"description\":\"Automatizaci&oacute;n industrial y eficiencia energ&eacute;tica\",\"publisher\":{\"@id\":\"https:\\\/\\\/www.enricpijuan.com\\\/#\\\/schema\\\/person\\\/651d9a98469a33f91c2bb31bef979e51\"},\"potentialAction\":[{\"@type\":\"SearchAction\",\"target\":{\"@type\":\"EntryPoint\",\"urlTemplate\":\"https:\\\/\\\/www.enricpijuan.com\\\/?s={search_term_string}\"},\"query-input\":{\"@type\":\"PropertyValueSpecification\",\"valueRequired\":true,\"valueName\":\"search_term_string\"}}],\"inLanguage\":\"es\"},{\"@type\":[\"Person\",\"Organization\"],\"@id\":\"https:\\\/\\\/www.enricpijuan.com\\\/#\\\/schema\\\/person\\\/651d9a98469a33f91c2bb31bef979e51\",\"name\":\"admin\",\"image\":{\"@type\":\"ImageObject\",\"inLanguage\":\"es\",\"@id\":\"https:\\\/\\\/secure.gravatar.com\\\/avatar\\\/f98da7646280d880d52c7ff02c26d151489e037199f258ec4b8327c82b548e3d?s=96&d=mm&r=g\",\"url\":\"https:\\\/\\\/secure.gravatar.com\\\/avatar\\\/f98da7646280d880d52c7ff02c26d151489e037199f258ec4b8327c82b548e3d?s=96&d=mm&r=g\",\"contentUrl\":\"https:\\\/\\\/secure.gravatar.com\\\/avatar\\\/f98da7646280d880d52c7ff02c26d151489e037199f258ec4b8327c82b548e3d?s=96&d=mm&r=g\",\"caption\":\"admin\"},\"logo\":{\"@id\":\"https:\\\/\\\/secure.gravatar.com\\\/avatar\\\/f98da7646280d880d52c7ff02c26d151489e037199f258ec4b8327c82b548e3d?s=96&d=mm&r=g\"}}]}<\/script>\n<!-- \/ Yoast SEO plugin. -->","yoast_head_json":{"title":"CON\u00d3CEME &#060; ENRIC PIJUAN","robots":{"index":"noindex","follow":"follow","max-snippet":"max-snippet:-1","max-image-preview":"max-image-preview:large","max-video-preview":"max-video-preview:-1"},"og_locale":"es_ES","og_type":"article","og_title":"CON\u00d3CEME &#060; ENRIC PIJUAN","og_description":"Si has llegado hasta aqu\u00ed es porque te interesa lo que te he contado hasta ahora, pero quieres saber m\u00e1s sobre m\u00ed, ya que la confianza es la clave para que avancemos juntos. \u00a1Aqu\u00ed va mi historia! LOS INICIOS La historia de c\u00f3mo he llegado a ser quien soy empieza de peque\u00f1o, me encantaban los [&hellip;]","og_url":"https:\/\/www.enricpijuan.com\/index.php\/sobremi\/","og_site_name":"ENRIC PIJUAN","article_modified_time":"2024-07-14T06:34:46+00:00","twitter_card":"summary_large_image","twitter_misc":{"Tiempo de lectura":"4 minutos"},"schema":{"@context":"https:\/\/schema.org","@graph":[{"@type":"WebPage","@id":"https:\/\/www.enricpijuan.com\/index.php\/sobremi\/","url":"https:\/\/www.enricpijuan.com\/index.php\/sobremi\/","name":"CON\u00d3CEME &#060; ENRIC PIJUAN","isPartOf":{"@id":"https:\/\/www.enricpijuan.com\/#website"},"datePublished":"2020-08-29T06:29:52+00:00","dateModified":"2024-07-14T06:34:46+00:00","breadcrumb":{"@id":"https:\/\/www.enricpijuan.com\/index.php\/sobremi\/#breadcrumb"},"inLanguage":"es","potentialAction":[{"@type":"ReadAction","target":["https:\/\/www.enricpijuan.com\/index.php\/sobremi\/"]}]},{"@type":"BreadcrumbList","@id":"https:\/\/www.enricpijuan.com\/index.php\/sobremi\/#breadcrumb","itemListElement":[{"@type":"ListItem","position":1,"name":"Portada","item":"https:\/\/www.enricpijuan.com\/"},{"@type":"ListItem","position":2,"name":"CON\u00d3CEME"}]},{"@type":"WebSite","@id":"https:\/\/www.enricpijuan.com\/#website","url":"https:\/\/www.enricpijuan.com\/","name":"ENRIC PIJUAN","description":"Automatizaci&oacute;n industrial y eficiencia energ&eacute;tica","publisher":{"@id":"https:\/\/www.enricpijuan.com\/#\/schema\/person\/651d9a98469a33f91c2bb31bef979e51"},"potentialAction":[{"@type":"SearchAction","target":{"@type":"EntryPoint","urlTemplate":"https:\/\/www.enricpijuan.com\/?s={search_term_string}"},"query-input":{"@type":"PropertyValueSpecification","valueRequired":true,"valueName":"search_term_string"}}],"inLanguage":"es"},{"@type":["Person","Organization"],"@id":"https:\/\/www.enricpijuan.com\/#\/schema\/person\/651d9a98469a33f91c2bb31bef979e51","name":"admin","image":{"@type":"ImageObject","inLanguage":"es","@id":"https:\/\/secure.gravatar.com\/avatar\/f98da7646280d880d52c7ff02c26d151489e037199f258ec4b8327c82b548e3d?s=96&d=mm&r=g","url":"https:\/\/secure.gravatar.com\/avatar\/f98da7646280d880d52c7ff02c26d151489e037199f258ec4b8327c82b548e3d?s=96&d=mm&r=g","contentUrl":"https:\/\/secure.gravatar.com\/avatar\/f98da7646280d880d52c7ff02c26d151489e037199f258ec4b8327c82b548e3d?s=96&d=mm&r=g","caption":"admin"},"logo":{"@id":"https:\/\/secure.gravatar.com\/avatar\/f98da7646280d880d52c7ff02c26d151489e037199f258ec4b8327c82b548e3d?s=96&d=mm&r=g"}}]}},"amp_enabled":true,"_links":{"self":[{"href":"https:\/\/www.enricpijuan.com\/index.php\/wp-json\/wp\/v2\/pages\/76","targetHints":{"allow":["GET"]}}],"collection":[{"href":"https:\/\/www.enricpijuan.com\/index.php\/wp-json\/wp\/v2\/pages"}],"about":[{"href":"https:\/\/www.enricpijuan.com\/index.php\/wp-json\/wp\/v2\/types\/page"}],"author":[{"embeddable":true,"href":"https:\/\/www.enricpijuan.com\/index.php\/wp-json\/wp\/v2\/users\/1"}],"replies":[{"embeddable":true,"href":"https:\/\/www.enricpijuan.com\/index.php\/wp-json\/wp\/v2\/comments?post=76"}],"version-history":[{"count":10,"href":"https:\/\/www.enricpijuan.com\/index.php\/wp-json\/wp\/v2\/pages\/76\/revisions"}],"predecessor-version":[{"id":263,"href":"https:\/\/www.enricpijuan.com\/index.php\/wp-json\/wp\/v2\/pages\/76\/revisions\/263"}],"wp:attachment":[{"href":"https:\/\/www.enricpijuan.com\/index.php\/wp-json\/wp\/v2\/media?parent=76"}],"curies":[{"name":"wp","href":"https:\/\/api.w.org\/{rel}","templated":true}]}}